{"id":54,"date":"2025-08-05T17:43:14","date_gmt":"2025-08-05T17:43:14","guid":{"rendered":"https:\/\/acijsaude.acijacarei.com.br\/?page_id=54"},"modified":"2025-08-25T13:51:56","modified_gmt":"2025-08-25T13:51:56","slug":"acij-saude","status":"publish","type":"page","link":"https:\/\/acijsaude.acijacarei.com.br\/?page_id=54","title":{"rendered":""},"content":{"rendered":"\t\t<div data-elementor-type=\"wp-page\" data-elementor-id=\"54\" class=\"elementor elementor-54\">\n\t\t\t\t<div class=\"elementor-element elementor-element-df185c4 e-grid e-con-boxed e-con e-parent\" data-id=\"df185c4\" data-element_type=\"container\">\n\t\t\t\t\t<div class=\"e-con-inner\">\n\t\t\t\t<div class=\"elementor-element elementor-element-d0854a3 elementor-widget elementor-widget-image\" data-id=\"d0854a3\" data-element_type=\"widget\" data-widget_type=\"image.default\">\n\t\t\t\t\t\t\t\t\t\t\t\t\t\t\t<img fetchpriority=\"high\" decoding=\"async\" width=\"1536\" height=\"490\" src=\"https:\/\/acijsaude.acijacarei.com.br\/wp-content\/uploads\/2025\/08\/LOGO-ACIJ-SAUDE-1536x490.png\" class=\"attachment-1536x1536 size-1536x1536 wp-image-22\" alt=\"\" srcset=\"https:\/\/acijsaude.acijacarei.com.br\/wp-content\/uploads\/2025\/08\/LOGO-ACIJ-SAUDE-1536x490.png 1536w, https:\/\/acijsaude.acijacarei.com.br\/wp-content\/uploads\/2025\/08\/LOGO-ACIJ-SAUDE-300x96.png 300w, https:\/\/acijsaude.acijacarei.com.br\/wp-content\/uploads\/2025\/08\/LOGO-ACIJ-SAUDE-1024x327.png 1024w, https:\/\/acijsaude.acijacarei.com.br\/wp-content\/uploads\/2025\/08\/LOGO-ACIJ-SAUDE-768x245.png 768w, https:\/\/acijsaude.acijacarei.com.br\/wp-content\/uploads\/2025\/08\/LOGO-ACIJ-SAUDE.png 2000w\" sizes=\"(max-width: 1536px) 100vw, 1536px\" \/>\t\t\t\t\t\t\t\t\t\t\t\t\t\t\t<\/div>\n\t\t\t\t<div class=\"elementor-element elementor-element-b689f18 elementor-widget elementor-widget-heading\" data-id=\"b689f18\" data-element_type=\"widget\" data-widget_type=\"heading.default\">\n\t\t\t\t\t<h2 class=\"elementor-heading-title elementor-size-default\"><a href=\"https:\/\/www.acijacarei.com.br\" target=\"_blank\">Home<\/a><\/h2>\t\t\t\t<\/div>\n\t\t\t\t\t<\/div>\n\t\t\t\t<\/div>\n\t\t<div class=\"elementor-element elementor-element-0a595ff e-flex e-con-boxed e-con e-parent\" data-id=\"0a595ff\" data-element_type=\"container\">\n\t\t\t\t\t<div class=\"e-con-inner\">\n\t\t\t\t<div class=\"elementor-element elementor-element-d3c85ea elementor-widget elementor-widget-spacer\" data-id=\"d3c85ea\" data-element_type=\"widget\" data-widget_type=\"spacer.default\">\n\t\t\t\t\t\t\t<div class=\"elementor-spacer\">\n\t\t\t<div class=\"elementor-spacer-inner\"><\/div>\n\t\t<\/div>\n\t\t\t\t\t\t<\/div>\n\t\t\t\t\t<\/div>\n\t\t\t\t<\/div>\n\t\t<div class=\"elementor-element elementor-element-0cfb790 e-flex e-con-boxed e-con e-parent\" data-id=\"0cfb790\" data-element_type=\"container\" data-settings=\"{&quot;background_background&quot;:&quot;classic&quot;}\">\n\t\t\t\t\t<div class=\"e-con-inner\">\n\t\t\t\t<div class=\"elementor-element elementor-element-d9b2d06 elementor-pagination-position-outside elementor-widget elementor-widget-image-carousel\" data-id=\"d9b2d06\" data-element_type=\"widget\" data-settings=\"{&quot;navigation&quot;:&quot;dots&quot;,&quot;autoplay_speed&quot;:2000,&quot;image_spacing_custom&quot;:{&quot;unit&quot;:&quot;px&quot;,&quot;size&quot;:39,&quot;sizes&quot;:[]},&quot;autoplay&quot;:&quot;yes&quot;,&quot;pause_on_hover&quot;:&quot;yes&quot;,&quot;pause_on_interaction&quot;:&quot;yes&quot;,&quot;infinite&quot;:&quot;yes&quot;,&quot;speed&quot;:500,&quot;image_spacing_custom_tablet&quot;:{&quot;unit&quot;:&quot;px&quot;,&quot;size&quot;:&quot;&quot;,&quot;sizes&quot;:[]},&quot;image_spacing_custom_mobile&quot;:{&quot;unit&quot;:&quot;px&quot;,&quot;size&quot;:&quot;&quot;,&quot;sizes&quot;:[]}}\" data-widget_type=\"image-carousel.default\">\n\t\t\t\t\t\t\t<div class=\"elementor-image-carousel-wrapper swiper\" role=\"region\" aria-roledescription=\"carousel\" aria-label=\"Carrossel de imagens\" dir=\"ltr\">\n\t\t\t<div class=\"elementor-image-carousel swiper-wrapper\" aria-live=\"off\">\n\t\t\t\t\t\t\t\t<div class=\"swiper-slide\" role=\"group\" aria-roledescription=\"slide\" aria-label=\"1 de 6\"><figure class=\"swiper-slide-inner\"><img decoding=\"async\" class=\"swiper-slide-image\" src=\"https:\/\/acijsaude.acijacarei.com.br\/wp-content\/uploads\/2025\/08\/Design-sem-nome-7-1-300x300.png\" alt=\"Design sem nome (7)\" \/><\/figure><\/div><div class=\"swiper-slide\" role=\"group\" aria-roledescription=\"slide\" aria-label=\"2 de 6\"><figure class=\"swiper-slide-inner\"><img decoding=\"async\" class=\"swiper-slide-image\" src=\"https:\/\/acijsaude.acijacarei.com.br\/wp-content\/uploads\/2025\/08\/porto-saude.svg\" alt=\"porto-saude\" \/><\/figure><\/div><div class=\"swiper-slide\" role=\"group\" aria-roledescription=\"slide\" aria-label=\"3 de 6\"><figure class=\"swiper-slide-inner\"><img decoding=\"async\" class=\"swiper-slide-image\" src=\"https:\/\/acijsaude.acijacarei.com.br\/wp-content\/uploads\/2025\/08\/LOGO-BRADESCO-SAUDE-300x107.png\" alt=\"LOGO BRADESCO SA\u00daDE\" \/><\/figure><\/div><div class=\"swiper-slide\" role=\"group\" aria-roledescription=\"slide\" aria-label=\"4 de 6\"><figure class=\"swiper-slide-inner\"><img decoding=\"async\" class=\"swiper-slide-image\" src=\"https:\/\/acijsaude.acijacarei.com.br\/wp-content\/uploads\/2025\/08\/LOGO-SULAMERICA-SAUDE-300x113.png\" alt=\"LOGO SULAM\u00c9RICA SA\u00daDE\" \/><\/figure><\/div><div class=\"swiper-slide\" role=\"group\" aria-roledescription=\"slide\" aria-label=\"5 de 6\"><figure class=\"swiper-slide-inner\"><img decoding=\"async\" class=\"swiper-slide-image\" src=\"https:\/\/acijsaude.acijacarei.com.br\/wp-content\/uploads\/2025\/08\/MarcaEBABeneficios-V2-Completa-1-300x196.png\" alt=\"MarcaEBABeneficios-V2-Completa-1\" \/><\/figure><\/div><div class=\"swiper-slide\" role=\"group\" aria-roledescription=\"slide\" aria-label=\"6 de 6\"><figure class=\"swiper-slide-inner\"><img decoding=\"async\" class=\"swiper-slide-image\" src=\"https:\/\/acijsaude.acijacarei.com.br\/wp-content\/uploads\/2025\/08\/LOGO-SUPORTE-SEGUROS-217x300.png\" alt=\"LOGO SUPORTE SEGUROS\" \/><\/figure><\/div>\t\t\t<\/div>\n\t\t\t\t\t\t\t\n\t\t\t\t\t\t\t\t\t<div class=\"swiper-pagination\"><\/div>\n\t\t\t\t\t\t\t\t\t<\/div>\n\t\t\t\t\t\t<\/div>\n\t\t\t\t\t<\/div>\n\t\t\t\t<\/div>\n\t\t<div class=\"elementor-element elementor-element-3c28067 e-flex e-con-boxed e-con e-parent\" data-id=\"3c28067\" data-element_type=\"container\" data-settings=\"{&quot;background_background&quot;:&quot;classic&quot;}\">\n\t\t\t\t\t<div class=\"e-con-inner\">\n\t\t\t\t<div class=\"elementor-element elementor-element-b493432 elementor-widget elementor-widget-spacer\" data-id=\"b493432\" data-element_type=\"widget\" data-widget_type=\"spacer.default\">\n\t\t\t\t\t\t\t<div class=\"elementor-spacer\">\n\t\t\t<div class=\"elementor-spacer-inner\"><\/div>\n\t\t<\/div>\n\t\t\t\t\t\t<\/div>\n\t\t\t\t<div class=\"elementor-element elementor-element-8ec0750 elementor-widget elementor-widget-text-editor\" data-id=\"8ec0750\" data-element_type=\"widget\" data-widget_type=\"text-editor.default\">\n\t\t\t\t\t\t\t\t\t<h4 class=\"cgHgbA WvQL9w Xp24Nw PanoWQ\"><span class=\"OYPEnA\">Cuidar da sua sa\u00fade e da sua equipe \u00e9 cuidar do seu neg\u00f3cio.<\/span><\/h4><h4 class=\"cgHgbA WvQL9w Xp24Nw\"><span class=\"OYPEnA\">Chegou o <em><strong>ACIJ SA\u00daDE<\/strong><\/em>, uma solu\u00e7\u00e3o completa e exclusiva para associados, que re\u00fane os melhores recursos para seu bem-estar e da sua empresa.<\/span><\/h4>\t\t\t\t\t\t\t\t<\/div>\n\t\t<div class=\"elementor-element elementor-element-ea708e5 e-con-full e-flex e-con e-child\" data-id=\"ea708e5\" data-element_type=\"container\">\n\t\t\t\t<div class=\"elementor-element elementor-element-87d13e4 elementor-widget elementor-widget-spacer\" data-id=\"87d13e4\" data-element_type=\"widget\" data-widget_type=\"spacer.default\">\n\t\t\t\t\t\t\t<div class=\"elementor-spacer\">\n\t\t\t<div class=\"elementor-spacer-inner\"><\/div>\n\t\t<\/div>\n\t\t\t\t\t\t<\/div>\n\t\t\t\t<\/div>\n\t\t\t\t\t<\/div>\n\t\t\t\t<\/div>\n\t\t<div class=\"elementor-element elementor-element-e32bc0a e-flex e-con-boxed e-con e-parent\" data-id=\"e32bc0a\" data-element_type=\"container\">\n\t\t\t\t\t<div class=\"e-con-inner\">\n\t\t\t\t<div class=\"elementor-element elementor-element-7a9ce67 elementor-widget elementor-widget-spacer\" data-id=\"7a9ce67\" data-element_type=\"widget\" data-widget_type=\"spacer.default\">\n\t\t\t\t\t\t\t<div class=\"elementor-spacer\">\n\t\t\t<div class=\"elementor-spacer-inner\"><\/div>\n\t\t<\/div>\n\t\t\t\t\t\t<\/div>\n\t\t\t\t<div class=\"elementor-element elementor-element-b6d0f11 elementor-align-center elementor-widget elementor-widget-button\" data-id=\"b6d0f11\" data-element_type=\"widget\" data-widget_type=\"button.default\">\n\t\t\t\t\t\t\t\t\t\t<a class=\"elementor-button elementor-button-link elementor-size-sm\" href=\"https:\/\/forms.gle\/bHZDWQvJmqVrP4zx6\" target=\"_blank\">\n\t\t\t\t\t\t<span class=\"elementor-button-content-wrapper\">\n\t\t\t\t\t\t<span class=\"elementor-button-icon\">\n\t\t\t\t<svg aria-hidden=\"true\" class=\"e-font-icon-svg e-fab-wpforms\" viewBox=\"0 0 448 512\" xmlns=\"http:\/\/www.w3.org\/2000\/svg\"><path d=\"M448 75.2v361.7c0 24.3-19 43.2-43.2 43.2H43.2C19.3 480 0 461.4 0 436.8V75.2C0 51.1 18.8 32 43.2 32h361.7c24 0 43.1 18.8 43.1 43.2zm-37.3 361.6V75.2c0-3-2.6-5.8-5.8-5.8h-9.3L285.3 144 224 94.1 162.8 144 52.5 69.3h-9.3c-3.2 0-5.8 2.8-5.8 5.8v361.7c0 3 2.6 5.8 5.8 5.8h361.7c3.2.1 5.8-2.7 5.8-5.8zM150.2 186v37H76.7v-37h73.5zm0 74.4v37.3H76.7v-37.3h73.5zm11.1-147.3l54-43.7H96.8l64.5 43.7zm210 72.9v37h-196v-37h196zm0 74.4v37.3h-196v-37.3h196zm-84.6-147.3l64.5-43.7H232.8l53.9 43.7zM371.3 335v37.3h-99.4V335h99.4z\"><\/path><\/svg>\t\t\t<\/span>\n\t\t\t\t\t\t\t\t\t<span class=\"elementor-button-text\">Clique aqui e saiba mais!<\/span>\n\t\t\t\t\t<\/span>\n\t\t\t\t\t<\/a>\n\t\t\t\t\t\t\t\t<\/div>\n\t\t\t\t\t<\/div>\n\t\t\t\t<\/div>\n\t\t<div class=\"elementor-element elementor-element-ff56577 e-flex e-con-boxed e-con e-parent\" data-id=\"ff56577\" data-element_type=\"container\" data-settings=\"{&quot;background_background&quot;:&quot;classic&quot;}\">\n\t\t\t\t\t<div class=\"e-con-inner\">\n\t\t<div class=\"elementor-element elementor-element-5e4ac0e e-con-full e-flex e-con e-child\" data-id=\"5e4ac0e\" data-element_type=\"container\">\n\t\t\t\t<div class=\"elementor-element elementor-element-7f57d98 elementor-widget elementor-widget-image\" data-id=\"7f57d98\" data-element_type=\"widget\" data-widget_type=\"image.default\">\n\t\t\t\t\t\t\t\t\t\t\t\t\t\t\t\t<a href=\"https:\/\/forms.gle\/bHZDWQvJmqVrP4zx6\" target=\"_blank\">\n\t\t\t\t\t\t\t<img decoding=\"async\" width=\"300\" height=\"300\" src=\"https:\/\/acijsaude.acijacarei.com.br\/wp-content\/uploads\/2025\/08\/Design-sem-nome-3-300x300.png\" class=\"attachment-medium size-medium wp-image-57\" alt=\"\" srcset=\"https:\/\/acijsaude.acijacarei.com.br\/wp-content\/uploads\/2025\/08\/Design-sem-nome-3-300x300.png 300w, https:\/\/acijsaude.acijacarei.com.br\/wp-content\/uploads\/2025\/08\/Design-sem-nome-3-150x150.png 150w, https:\/\/acijsaude.acijacarei.com.br\/wp-content\/uploads\/2025\/08\/Design-sem-nome-3.png 500w\" sizes=\"(max-width: 300px) 100vw, 300px\" \/>\t\t\t\t\t\t\t\t<\/a>\n\t\t\t\t\t\t\t\t\t\t\t\t\t\t\t<\/div>\n\t\t\t\t<\/div>\n\t\t<div class=\"elementor-element elementor-element-565169e e-con-full e-flex e-con e-child\" data-id=\"565169e\" data-element_type=\"container\">\n\t\t\t\t<div class=\"elementor-element elementor-element-a005bbd elementor-widget elementor-widget-image\" data-id=\"a005bbd\" data-element_type=\"widget\" data-widget_type=\"image.default\">\n\t\t\t\t\t\t\t\t\t\t\t\t\t\t\t\t<a href=\"https:\/\/forms.gle\/bHZDWQvJmqVrP4zx6\">\n\t\t\t\t\t\t\t<img decoding=\"async\" width=\"300\" height=\"300\" src=\"https:\/\/acijsaude.acijacarei.com.br\/wp-content\/uploads\/2025\/08\/Design-sem-nome-7-300x300.png\" class=\"attachment-medium size-medium wp-image-78\" alt=\"\" srcset=\"https:\/\/acijsaude.acijacarei.com.br\/wp-content\/uploads\/2025\/08\/Design-sem-nome-7-300x300.png 300w, https:\/\/acijsaude.acijacarei.com.br\/wp-content\/uploads\/2025\/08\/Design-sem-nome-7-150x150.png 150w, https:\/\/acijsaude.acijacarei.com.br\/wp-content\/uploads\/2025\/08\/Design-sem-nome-7.png 500w\" sizes=\"(max-width: 300px) 100vw, 300px\" \/>\t\t\t\t\t\t\t\t<\/a>\n\t\t\t\t\t\t\t\t\t\t\t\t\t\t\t<\/div>\n\t\t\t\t<\/div>\n\t\t<div class=\"elementor-element elementor-element-48b53c8 e-con-full e-flex e-con e-child\" data-id=\"48b53c8\" data-element_type=\"container\">\n\t\t\t\t<div class=\"elementor-element elementor-element-01e67c0 elementor-widget elementor-widget-image\" data-id=\"01e67c0\" data-element_type=\"widget\" data-widget_type=\"image.default\">\n\t\t\t\t\t\t\t\t\t\t\t\t\t\t\t\t<a href=\"https:\/\/forms.gle\/bHZDWQvJmqVrP4zx6\">\n\t\t\t\t\t\t\t<img loading=\"lazy\" decoding=\"async\" width=\"300\" height=\"300\" src=\"https:\/\/acijsaude.acijacarei.com.br\/wp-content\/uploads\/2025\/08\/Design-sem-nome-9-300x300.png\" class=\"attachment-medium size-medium wp-image-77\" alt=\"\" srcset=\"https:\/\/acijsaude.acijacarei.com.br\/wp-content\/uploads\/2025\/08\/Design-sem-nome-9-300x300.png 300w, https:\/\/acijsaude.acijacarei.com.br\/wp-content\/uploads\/2025\/08\/Design-sem-nome-9-150x150.png 150w, https:\/\/acijsaude.acijacarei.com.br\/wp-content\/uploads\/2025\/08\/Design-sem-nome-9.png 500w\" sizes=\"(max-width: 300px) 100vw, 300px\" \/>\t\t\t\t\t\t\t\t<\/a>\n\t\t\t\t\t\t\t\t\t\t\t\t\t\t\t<\/div>\n\t\t\t\t<\/div>\n\t\t<div class=\"elementor-element elementor-element-96cf411 e-con-full e-flex e-con e-child\" data-id=\"96cf411\" data-element_type=\"container\">\n\t\t\t\t<div class=\"elementor-element elementor-element-c602a34 elementor-widget elementor-widget-image\" data-id=\"c602a34\" data-element_type=\"widget\" data-widget_type=\"image.default\">\n\t\t\t\t\t\t\t\t\t\t\t\t\t\t\t\t<a href=\"https:\/\/forms.gle\/bHZDWQvJmqVrP4zx6\" target=\"_blank\">\n\t\t\t\t\t\t\t<img loading=\"lazy\" decoding=\"async\" width=\"300\" height=\"300\" src=\"https:\/\/acijsaude.acijacarei.com.br\/wp-content\/uploads\/2025\/08\/Design-sem-nome-5-300x300.png\" class=\"attachment-medium size-medium wp-image-80\" alt=\"\" srcset=\"https:\/\/acijsaude.acijacarei.com.br\/wp-content\/uploads\/2025\/08\/Design-sem-nome-5-300x300.png 300w, https:\/\/acijsaude.acijacarei.com.br\/wp-content\/uploads\/2025\/08\/Design-sem-nome-5-150x150.png 150w, https:\/\/acijsaude.acijacarei.com.br\/wp-content\/uploads\/2025\/08\/Design-sem-nome-5.png 500w\" sizes=\"(max-width: 300px) 100vw, 300px\" \/>\t\t\t\t\t\t\t\t<\/a>\n\t\t\t\t\t\t\t\t\t\t\t\t\t\t\t<\/div>\n\t\t\t\t<\/div>\n\t\t<div class=\"elementor-element elementor-element-fe26124 e-con-full e-flex e-con e-child\" data-id=\"fe26124\" data-element_type=\"container\">\n\t\t\t\t<div class=\"elementor-element elementor-element-fa6ee2d elementor-widget elementor-widget-image\" data-id=\"fa6ee2d\" data-element_type=\"widget\" data-widget_type=\"image.default\">\n\t\t\t\t\t\t\t\t\t\t\t\t\t\t\t\t<a href=\"https:\/\/forms.gle\/bHZDWQvJmqVrP4zx6\" target=\"_blank\">\n\t\t\t\t\t\t\t<img loading=\"lazy\" decoding=\"async\" width=\"300\" height=\"300\" src=\"https:\/\/acijsaude.acijacarei.com.br\/wp-content\/uploads\/2025\/08\/Design-sem-nome-6-300x300.png\" class=\"attachment-medium size-medium wp-image-79\" alt=\"\" srcset=\"https:\/\/acijsaude.acijacarei.com.br\/wp-content\/uploads\/2025\/08\/Design-sem-nome-6-300x300.png 300w, https:\/\/acijsaude.acijacarei.com.br\/wp-content\/uploads\/2025\/08\/Design-sem-nome-6-150x150.png 150w, https:\/\/acijsaude.acijacarei.com.br\/wp-content\/uploads\/2025\/08\/Design-sem-nome-6.png 500w\" sizes=\"(max-width: 300px) 100vw, 300px\" \/>\t\t\t\t\t\t\t\t<\/a>\n\t\t\t\t\t\t\t\t\t\t\t\t\t\t\t<\/div>\n\t\t\t\t<\/div>\n\t\t<div class=\"elementor-element elementor-element-50c3f87 e-con-full e-flex e-con e-child\" data-id=\"50c3f87\" data-element_type=\"container\">\n\t\t\t\t<div class=\"elementor-element elementor-element-6b4438e elementor-widget elementor-widget-image\" data-id=\"6b4438e\" data-element_type=\"widget\" data-widget_type=\"image.default\">\n\t\t\t\t\t\t\t\t\t\t\t\t\t\t\t\t<a href=\"https:\/\/forms.gle\/bHZDWQvJmqVrP4zx6\" target=\"_blank\">\n\t\t\t\t\t\t\t<img loading=\"lazy\" decoding=\"async\" width=\"300\" height=\"300\" src=\"https:\/\/acijsaude.acijacarei.com.br\/wp-content\/uploads\/2025\/08\/Design-sem-nome-10-300x300.png\" class=\"attachment-medium size-medium wp-image-81\" alt=\"\" srcset=\"https:\/\/acijsaude.acijacarei.com.br\/wp-content\/uploads\/2025\/08\/Design-sem-nome-10-300x300.png 300w, https:\/\/acijsaude.acijacarei.com.br\/wp-content\/uploads\/2025\/08\/Design-sem-nome-10-150x150.png 150w, https:\/\/acijsaude.acijacarei.com.br\/wp-content\/uploads\/2025\/08\/Design-sem-nome-10.png 500w\" sizes=\"(max-width: 300px) 100vw, 300px\" \/>\t\t\t\t\t\t\t\t<\/a>\n\t\t\t\t\t\t\t\t\t\t\t\t\t\t\t<\/div>\n\t\t\t\t<\/div>\n\t\t\t\t\t<\/div>\n\t\t\t\t<\/div>\n\t\t<div class=\"elementor-element elementor-element-26643f8 e-flex e-con-boxed e-con e-parent\" data-id=\"26643f8\" data-element_type=\"container\">\n\t\t\t\t\t<div class=\"e-con-inner\">\n\t\t\t\t<div class=\"elementor-element elementor-element-9f8416a elementor-shape-rounded elementor-grid-0 e-grid-align-center elementor-widget elementor-widget-social-icons\" data-id=\"9f8416a\" data-element_type=\"widget\" data-widget_type=\"social-icons.default\">\n\t\t\t\t\t\t\t<div class=\"elementor-social-icons-wrapper elementor-grid\" role=\"list\">\n\t\t\t\t\t\t\t<span class=\"elementor-grid-item\" role=\"listitem\">\n\t\t\t\t\t<a class=\"elementor-icon elementor-social-icon elementor-social-icon-whatsapp elementor-repeater-item-62aff76\" href=\"https:\/\/api.whatsapp.com\/send\/?phone=5512992388147&#038;text=Oi%2C+tudo+bem%3F+Peguei+esse+WhatsApp+no+site+da+ACI+JACARE\u00cd.+Podemos+conversar%3F&#038;type=phone_number&#038;app_absent=0\" target=\"_blank\">\n\t\t\t\t\t\t<span class=\"elementor-screen-only\">Whatsapp<\/span>\n\t\t\t\t\t\t<svg class=\"e-font-icon-svg e-fab-whatsapp\" viewBox=\"0 0 448 512\" xmlns=\"http:\/\/www.w3.org\/2000\/svg\"><path d=\"M380.9 97.1C339 55.1 283.2 32 223.9 32c-122.4 0-222 99.6-222 222 0 39.1 10.2 77.3 29.6 111L0 480l117.7-30.9c32.4 17.7 68.9 27 106.1 27h.1c122.3 0 224.1-99.6 224.1-222 0-59.3-25.2-115-67.1-157zm-157 341.6c-33.2 0-65.7-8.9-94-25.7l-6.7-4-69.8 18.3L72 359.2l-4.4-7c-18.5-29.4-28.2-63.3-28.2-98.2 0-101.7 82.8-184.5 184.6-184.5 49.3 0 95.6 19.2 130.4 54.1 34.8 34.9 56.2 81.2 56.1 130.5 0 101.8-84.9 184.6-186.6 184.6zm101.2-138.2c-5.5-2.8-32.8-16.2-37.9-18-5.1-1.9-8.8-2.8-12.5 2.8-3.7 5.6-14.3 18-17.6 21.8-3.2 3.7-6.5 4.2-12 1.4-32.6-16.3-54-29.1-75.5-66-5.7-9.8 5.7-9.1 16.3-30.3 1.8-3.7.9-6.9-.5-9.7-1.4-2.8-12.5-30.1-17.1-41.2-4.5-10.8-9.1-9.3-12.5-9.5-3.2-.2-6.9-.2-10.6-.2-3.7 0-9.7 1.4-14.8 6.9-5.1 5.6-19.4 19-19.4 46.3 0 27.3 19.9 53.7 22.6 57.4 2.8 3.7 39.1 59.7 94.8 83.8 35.2 15.2 49 16.5 66.6 13.9 10.7-1.6 32.8-13.4 37.4-26.4 4.6-13 4.6-24.1 3.2-26.4-1.3-2.5-5-3.9-10.5-6.6z\"><\/path><\/svg>\t\t\t\t\t<\/a>\n\t\t\t\t<\/span>\n\t\t\t\t\t\t\t<span class=\"elementor-grid-item\" role=\"listitem\">\n\t\t\t\t\t<a class=\"elementor-icon elementor-social-icon elementor-social-icon-instagram elementor-repeater-item-4669237\" href=\"https:\/\/www.instagram.com\/acijacarei\" target=\"_blank\">\n\t\t\t\t\t\t<span class=\"elementor-screen-only\">Instagram<\/span>\n\t\t\t\t\t\t<svg class=\"e-font-icon-svg e-fab-instagram\" viewBox=\"0 0 448 512\" xmlns=\"http:\/\/www.w3.org\/2000\/svg\"><path d=\"M224.1 141c-63.6 0-114.9 51.3-114.9 114.9s51.3 114.9 114.9 114.9S339 319.5 339 255.9 287.7 141 224.1 141zm0 189.6c-41.1 0-74.7-33.5-74.7-74.7s33.5-74.7 74.7-74.7 74.7 33.5 74.7 74.7-33.6 74.7-74.7 74.7zm146.4-194.3c0 14.9-12 26.8-26.8 26.8-14.9 0-26.8-12-26.8-26.8s12-26.8 26.8-26.8 26.8 12 26.8 26.8zm76.1 27.2c-1.7-35.9-9.9-67.7-36.2-93.9-26.2-26.2-58-34.4-93.9-36.2-37-2.1-147.9-2.1-184.9 0-35.8 1.7-67.6 9.9-93.9 36.1s-34.4 58-36.2 93.9c-2.1 37-2.1 147.9 0 184.9 1.7 35.9 9.9 67.7 36.2 93.9s58 34.4 93.9 36.2c37 2.1 147.9 2.1 184.9 0 35.9-1.7 67.7-9.9 93.9-36.2 26.2-26.2 34.4-58 36.2-93.9 2.1-37 2.1-147.8 0-184.8zM398.8 388c-7.8 19.6-22.9 34.7-42.6 42.6-29.5 11.7-99.5 9-132.1 9s-102.7 2.6-132.1-9c-19.6-7.8-34.7-22.9-42.6-42.6-11.7-29.5-9-99.5-9-132.1s-2.6-102.7 9-132.1c7.8-19.6 22.9-34.7 42.6-42.6 29.5-11.7 99.5-9 132.1-9s102.7-2.6 132.1 9c19.6 7.8 34.7 22.9 42.6 42.6 11.7 29.5 9 99.5 9 132.1s2.7 102.7-9 132.1z\"><\/path><\/svg>\t\t\t\t\t<\/a>\n\t\t\t\t<\/span>\n\t\t\t\t\t\t\t<span class=\"elementor-grid-item\" role=\"listitem\">\n\t\t\t\t\t<a class=\"elementor-icon elementor-social-icon elementor-social-icon-youtube elementor-repeater-item-a52bff0\" href=\"https:\/\/www.youtube.com\/@ACIJ1939\" target=\"_blank\">\n\t\t\t\t\t\t<span class=\"elementor-screen-only\">Youtube<\/span>\n\t\t\t\t\t\t<svg class=\"e-font-icon-svg e-fab-youtube\" viewBox=\"0 0 576 512\" xmlns=\"http:\/\/www.w3.org\/2000\/svg\"><path d=\"M549.655 124.083c-6.281-23.65-24.787-42.276-48.284-48.597C458.781 64 288 64 288 64S117.22 64 74.629 75.486c-23.497 6.322-42.003 24.947-48.284 48.597-11.412 42.867-11.412 132.305-11.412 132.305s0 89.438 11.412 132.305c6.281 23.65 24.787 41.5 48.284 47.821C117.22 448 288 448 288 448s170.78 0 213.371-11.486c23.497-6.321 42.003-24.171 48.284-47.821 11.412-42.867 11.412-132.305 11.412-132.305s0-89.438-11.412-132.305zm-317.51 213.508V175.185l142.739 81.205-142.739 81.201z\"><\/path><\/svg>\t\t\t\t\t<\/a>\n\t\t\t\t<\/span>\n\t\t\t\t\t<\/div>\n\t\t\t\t\t\t<\/div>\n\t\t\t\t\t<\/div>\n\t\t\t\t<\/div>\n\t\t\t\t<\/div>\n\t\t","protected":false},"excerpt":{"rendered":"<p>Home Cuidar da sua sa\u00fade e da sua equipe \u00e9 cuidar do seu neg\u00f3cio. Chegou o ACIJ SA\u00daDE, uma solu\u00e7\u00e3o completa e exclusiva para associados, que re\u00fane os melhores recursos para seu bem-estar e da sua empresa. Clique aqui e saiba mais! Whatsapp Instagram Youtube<\/p>\n","protected":false},"author":1,"featured_media":0,"parent":0,"menu_order":0,"comment_status":"closed","ping_status":"closed","template":"","meta":{"footnotes":""},"class_list":["post-54","page","type-page","status-publish","hentry"],"_links":{"self":[{"href":"https:\/\/acijsaude.acijacarei.com.br\/index.php?rest_route=\/wp\/v2\/pages\/54","targetHints":{"allow":["GET"]}}],"collection":[{"href":"https:\/\/acijsaude.acijacarei.com.br\/index.php?rest_route=\/wp\/v2\/pages"}],"about":[{"href":"https:\/\/acijsaude.acijacarei.com.br\/index.php?rest_route=\/wp\/v2\/types\/page"}],"author":[{"embeddable":true,"href":"https:\/\/acijsaude.acijacarei.com.br\/index.php?rest_route=\/wp\/v2\/users\/1"}],"replies":[{"embeddable":true,"href":"https:\/\/acijsaude.acijacarei.com.br\/index.php?rest_route=%2Fwp%2Fv2%2Fcomments&post=54"}],"version-history":[{"count":48,"href":"https:\/\/acijsaude.acijacarei.com.br\/index.php?rest_route=\/wp\/v2\/pages\/54\/revisions"}],"predecessor-version":[{"id":124,"href":"https:\/\/acijsaude.acijacarei.com.br\/index.php?rest_route=\/wp\/v2\/pages\/54\/revisions\/124"}],"wp:attachment":[{"href":"https:\/\/acijsaude.acijacarei.com.br\/index.php?rest_route=%2Fwp%2Fv2%2Fmedia&parent=54"}],"curies":[{"name":"wp","href":"https:\/\/api.w.org\/{rel}","templated":true}]}}